{"id":16,"date":"2025-05-21T17:49:53","date_gmt":"2025-05-21T17:49:53","guid":{"rendered":"https:\/\/mabellpeguero.com\/?page_id=16"},"modified":"2025-05-22T08:56:29","modified_gmt":"2025-05-22T08:56:29","slug":"quien-soy","status":"publish","type":"page","link":"https:\/\/mabellpeguero.com\/","title":{"rendered":"Qui\u00e9n soy"},"content":{"rendered":"\n<h2 class=\"wp-block-heading\">Mabell &#8211; Artista y Cantautora Dominicana<\/h2>\n\n\n\n<figure class=\"wp-block-image size-full\"><img fetchpriority=\"high\" decoding=\"async\" width=\"852\" height=\"481\" src=\"https:\/\/mabellpeguero.com\/wp-content\/uploads\/2025\/05\/Mab1.png\" alt=\"\" class=\"wp-image-35\" srcset=\"https:\/\/mabellpeguero.com\/wp-content\/uploads\/2025\/05\/Mab1.png 852w, https:\/\/mabellpeguero.com\/wp-content\/uploads\/2025\/05\/Mab1-300x169.png 300w, https:\/\/mabellpeguero.com\/wp-content\/uploads\/2025\/05\/Mab1-768x434.png 768w\" sizes=\"(max-width: 852px) 100vw, 852px\" \/><\/figure>\n\n\n\n<p><em>Una trayectoria art\u00edstica excepcional que combina danza y m\u00fasica<br>G\u00e9neros Musicales: Merengue, Bachata, Salsa, Balada, Bolero y Jazz.<\/em><\/p>\n\n\n\n<p>Mabell Peguero inici\u00f3 su carrera profesional a los 5 a\u00f1os en la prestigiosa Academia de Ballet Cl\u00e1sico Clara Elena Ram\u00edrez, debutando en el Teatro Nacional.<br>Durante su adolescencia, se uni\u00f3 al Ballet Folkl\u00f3rico del Ministerio de Turismo bajo la direcci\u00f3n de Frank Usero, representando a Rep\u00fablica Dominicana en escenarios internacionales como bailarina y cantante.<\/p>\n\n\n\n<p>En 2007, form\u00f3 parte del ic\u00f3nico grupo \u00abLas Espectaculares Chicas del Can\u00bb, lanzando \u00e9xitos como:<\/p>\n\n\n\n<div class=\"wp-block-group\"><div class=\"wp-block-group__inner-container is-layout-constrained wp-block-group-is-layout-constrained\">\n<ul class=\"wp-block-list\">\n<li>\u00abQuisiera Detener el Tiempo\u00bb (tema de apertura)<\/li>\n\n\n\n<li>\u00abLa que ta buena soy yo\u00bb<\/li>\n\n\n\n<li>\u00abAlguien como yo\u00bb (d\u00fao con Eddy Herrera)<\/li>\n<\/ul>\n<\/div><\/div>\n\n\n\n<p><strong>Propuesta Art\u00edstica Actual<\/strong><\/p>\n\n\n\n<p>Mabell crea experiencias musicales aut\u00e9nticas que conectan emocionalmente con<br>el p\u00fablico, ofreciendo un repertorio seleccionado para todo tipo de audiencia.<\/p>\n\n\n\n<pre class=\"wp-block-verse\" style=\"font-style:italic;font-weight:100\">Mabell es una artista completa con formaci\u00f3n cl\u00e1sica y ra\u00edces folkl\u00f3ricas dominicanas.<\/pre>\n","protected":false},"excerpt":{"rendered":"<p>Mabell &#8211; Artista y Cantautora Dominicana Una trayectoria art\u00edstica excepcional que combina danza y m\u00fasicaG\u00e9neros Musicales: Merengue, Bachata, Salsa, Balada, Bolero y Jazz. Mabell Peguero inici\u00f3 su carrera profesional a los 5 a\u00f1os en la<span class=\"more-button\"><a href=\"https:\/\/mabellpeguero.com\/\" class=\"more-link\">Seguir leyendo<span class=\"screen-reader-text\">Qui\u00e9n soy<\/span><i class=\"fa fa-angle-right\" aria-hidden=\"true\"><\/i><\/a><\/span><\/p>\n","protected":false},"author":1,"featured_media":0,"parent":0,"menu_order":0,"comment_status":"closed","ping_status":"closed","template":"","meta":{"footnotes":""},"class_list":["post-16","page","type-page","status-publish","hentry"],"_links":{"self":[{"href":"https:\/\/mabellpeguero.com\/index.php?rest_route=\/wp\/v2\/pages\/16","targetHints":{"allow":["GET"]}}],"collection":[{"href":"https:\/\/mabellpeguero.com\/index.php?rest_route=\/wp\/v2\/pages"}],"about":[{"href":"https:\/\/mabellpeguero.com\/index.php?rest_route=\/wp\/v2\/types\/page"}],"author":[{"embeddable":true,"href":"https:\/\/mabellpeguero.com\/index.php?rest_route=\/wp\/v2\/users\/1"}],"replies":[{"embeddable":true,"href":"https:\/\/mabellpeguero.com\/index.php?rest_route=%2Fwp%2Fv2%2Fcomments&post=16"}],"version-history":[{"count":5,"href":"https:\/\/mabellpeguero.com\/index.php?rest_route=\/wp\/v2\/pages\/16\/revisions"}],"predecessor-version":[{"id":39,"href":"https:\/\/mabellpeguero.com\/index.php?rest_route=\/wp\/v2\/pages\/16\/revisions\/39"}],"wp:attachment":[{"href":"https:\/\/mabellpeguero.com\/index.php?rest_route=%2Fwp%2Fv2%2Fmedia&parent=16"}],"curies":[{"name":"wp","href":"https:\/\/api.w.org\/{rel}","templated":true}]}}